{"id":2510,"date":"2014-10-01T17:30:29","date_gmt":"2014-10-01T15:30:29","guid":{"rendered":"http:\/\/www.bezz.it\/seipp\/?page_id=2510"},"modified":"2026-02-09T15:16:23","modified_gmt":"2026-02-09T13:16:23","slug":"elektroepilation","status":"publish","type":"page","link":"https:\/\/www.epilation-bensheim.de\/elektroepilation\/elektroepilation\/","title":{"rendered":"Elektroepilation"},"content":{"rendered":"<\/div>\n\r\n\t\t\t<div id=\"flexslider530\" class=\"flexslider loading-slider flexFull\">\r\n\t\t\t\t<ul class=\"slides\">\n\r\n\t\t\t<li >\r\n\t\t\t\t<div class=\"withbg\" style=\"background-image:url(https:\/\/www.epilation-bensheim.de\/elektroepilation\/wp-content\/uploads\/2014\/10\/panthermedia_A17535921_home.jpg)\">\r\n          <div class=\"container\">\r\n            \r\n            \n<div class=\"raw\">\n<div class=\"space_right\">\n<div class=\"spacer\" style=\"height: 80px;\"><\/div>\n<h4>Garantiert haarfreie Haut <br \/>mit Elektroepilation<\/h4>\n<\/div>\n<\/div>\n\r\n            \r\n            <\/div>\r\n         <\/div>\r\n\t\t\t<\/li>\r\n\t\t\n<\/ul>\r\n\t\t\t<\/div>\r\n\t\t\n<div class=\"container\">\n\r\n\t\t<div id=\"chapter\" class=\"chapter\">\r\n\t        <div class=\"sectionBox\">\r\n\t        \t<div class=\"divider-triangle\"><\/div>\r\n\t        \t\n<div class=\"row\">\n<div class=\"col-md-12\">\n<p>Das Rasieren oder Epilieren der nervigen H\u00e4rchen ist f\u00fcr die meisten Menschen eine zeitintensive und schmerzhafte Angelegenheit. Reden wir erst gar nicht \u00fcber eingewachsene Haare und gereizte Haut. \u00c4rgern Sie sich nicht l\u00e4nger \u00fcber unerw\u00fcnschten Haarwuchs. Wir bieten Ihnen mit der  Elektroepilation eine zuverl\u00e4ssige dauerhafte Haarentfernung in allen K\u00f6rperregionen bei Frauen und M\u00e4nnern.<\/p>\n<p>Die Elektroepilation, auch Nadelepilation genannt, ist bis heute die einzig anerkannte Methode, um sehr helle, wei\u00dfe oder rote Haare endg\u00fcltig zu entfernen. Sie erhielt von der FDA (Food and Drug Administration) als einzige Epilationsmethode die Zulassung \u201epermanent hair removal\u201c \u2013 permanente Haarentfernung \u2013 bei allen Haarfarben, Haarst\u00e4rken und jedem Hautyp. Wer sich f\u00fcr die Elektroepilation entscheidet, genie\u00dft die Sicherheit der best erprobtesten Methode und die Effektivit\u00e4t modernster Technik.<\/p>\n\r\n\t\t\t<div class=\"List2\">\r\n\t\t\t\t<h6>Die Elektroepilation ist ein erprobtes Verfahren mit dauerhaftem Erfolg<\/h6>\r\n                <ul class=\" signs ico-angle-right\"> <\/p>\n<ul class=\"grau\">\n<li>Sie ist eine der effektivsten Methoden der Haarentfernung.<\/li>\n<li>Sie entfernt Haare in allen K\u00f6rperbereichen.<\/li>\n<li>Sie entfernt Haare auf heller und auf dunkler Haut.<\/li>\n<li>Sie spricht auch sehr helle und rote Haare an.<\/li>\n<li>Die entfernten Haare wachsen nie mehr nach. Elektroepilation ist somit eine Entscheidung f\u00fcr immer.<\/li>\n<\/ul>\n<\/ul>\r\n            <\/div>\n<div class=\"spacer\" style=\"height:20px\"><\/div> <\/p>\n\r\n          <h3 class=\"std withIcon\"><i class=\"icon-ok\"><\/i>Eine Entscheidung f\u00fcr\u2019s Leben<\/h3><p><\/p>\r\n       \n<p>Elektroepilation ist eine der sichersten und zugleich schonendsten M\u00f6glichkeiten, Haare auf Dauer zu entfernen. Unabh\u00e4ngig von der Haarfarbe gilt dies auch f\u00fcr sehr helle und rote Haare.<\/p>\n<h5>Wie funktioniert die Elektroepilation?<\/h5>\n<p>Entlang des Haares wird eine hauchd\u00fcnne Sonde zur Haarwurzel gef\u00fchrt. Mit Hilfe von Hochfrequenzstrom, der kurz auf die Haarwurzel einwirkt, wird diese dauerhaft zerst\u00f6rt. Die Dauer des Stromimpulses wird so gew\u00e4hlt, dass nur die Haarwurzel, nicht aber die umlegende Haut gesch\u00e4digt wird. Das Resultat dieser Methode ist eine samtweiche Haut, die frei von l\u00e4stigen Haarwuchs ist.<\/p>\n<h5>Wie schmerzhaft ist die Elektroepilation?<\/h5>\n<p>Die meisten meiner Kunden und Kundinnen empfinden das Zupfen der Haare als deutlich unangenehmer als die Elektroepilation. Der eine oder andere ist w\u00e4hrend der Behandlung sogar schon eingeschlafen. Das Einf\u00fchren der Sonde sp\u00fcrt man nicht. Der Strom ist als W\u00e4rme-Implus wahrnehmbar.<\/p>\n<p>Ich empfehle die Elektroepilation vormittags vornehmen zu lassen, weil die Haut zu diesem Zeitpunkt erfahrungsgem\u00e4\u00df unempfindlicher reagiert.<\/p>\n<p>Neu: W\u00e4hrend der Elektrobehandlung setze ich Hochleistungs-Kaltlufttherapieger\u00e4te von Zimmer Medizintechnik ein. Schmerzen w\u00e4hrend der Behandlung werden dadurch deutlich reduziert, da die Haut w\u00e4hrend der gesamten Sitzung gleichm\u00e4\u00dfig gek\u00fchlt wird. Durch die kontrollierte K\u00fchlung bis -30\u00b0C reduziert das Kaltluftger\u00e4t dabei nachhaltig den Schmerz und verhindert thermische Sch\u00e4den der Haut. Die innovative K\u00fchltechnologie des Ger\u00e4tes sch\u00fctzt die Haut sicher vor Erfrierungen und K\u00e4lteverbrennungen.\n<\/p>\n<h5>Wie lange dauert eine Behandlung?<\/h5>\n<p>Von 100 behandelten Haaren werden erfahrungsgem\u00e4\u00df 75 dauerhaft entfernt. Die anderen 25 werden mit denen am Tag der Behandlung nicht sichtbaren Haaren nachwachsen und m\u00fcssen etwa 12 Wochen nach der Erstbehandlung zusammen mit den dann herausgewachsenen Haaren erneut behandelt werden. Nach drei bis vier Wachstumszyklen und Behandlungen ist eine Hautpartie vollst\u00e4ndig und dauerhaft haarfrei.<\/p>\n<h5>Was ist w\u00e4hrend der Behandlungszeit zu beachten?<\/h5>\n<p>Es ist wichtig, dass Sie sehr sorgf\u00e4ltig mit der behandelten Hautpartie umgehen. In den ersten 48 Stunden nach der Elektroepilation sollte kein Fingerkontakt erfolgen. Vermeiden Sie in dieser Zeit auch direkte UV-Strahlung und verzichten Sie auf einen Sauna- oder Schwimmbadbesuch. <\/p>\n<p>Man muss der Haut Zeit zum Regenerieren geben. Daher sollten Sie Ihre Behandlung rechtzeitig planen und nicht erst kurz vor dem Badeurlaub beginnen.<\/p>\n<h5>Elektroepilation und Laser-Haarentfernung<\/h5>\n<p>Im Gegensatz zur Photo-Epilation (Laser-Haarentfernung, IPL) erzeugt die Elektroepilation tats\u00e4chlich ein endg\u00fcltiges Ergebnis: Die Haare sind nicht f\u00fcr ein Jahr verschwunden, sondern wirklich f\u00fcr immer*. Auch bei der Betrachtung von Aufwand und Kosten ist das ein entscheidender Unterschied.<\/p>\n<h5>Was kostet die Behandlung?<\/h5>\n<p>Die Elektroepilation wird nach aufgewendeter Zeit abgerechnet. Die ben\u00f6tigte Behandlungszeit ergibt sich aus der Menge der Haare, welche Fl\u00e4chen behandelt werden sollen und Ihren individuellen W\u00fcnschen.<\/p>\n<p>Am Anfang einer Elektrotherapie in meiner Praxis steht ein pers\u00f6nliches ausf\u00fchrliches Gespr\u00e4ch, um m\u00f6gliche Fragen direkt zu kl\u00e4ren und einen individuellen Behandlungs- und Kostenplan zu erarbeiten. Rufen Sie mich einfach unter 06251 984 3070 an oder schreiben Sie mir eine <a href=\"mailto:info@epilation-bensheim.de\" title=\"E-mail an Ursula Seipp\">E-mail<\/a>.<\/p>\n\r\n\t\t\t<div class=\"boxButton\">\r\n                <div class=\"buttonFrame\">\r\n                \t<h4>Alternative Verfahren der dauerhaften Haarentfernung<\/h4>\r\n                    <p>\nEine weitere M\u00f6glichkeit der permanenten Haarentfernung ist die medizinische Laser-Technologie. Sie verspricht hervorragende Ergebnisse und bietet zus\u00e4tzlich Hautbehandlungen wie Faltenreduktion und Entfernung von Pigmentflecken &#8230;<br \/>\n<div class=\"spacer\" style=\"height:16px\"><\/div>\n<\/p>\r\n                <\/div>\r\n\r\n                <a href=\"https:\/\/www.epilation-bensheim.de\/laserepilation\/haarentfernung-mit-medizinischer-laser-technologie\/\" class=\"boxColor\">\r\n\t                <i class=\"icon-question-sign\"><\/i>\r\n\t                <div class=\"click\">Click Here<\/div>\r\n                <\/a>\r\n\r\n\r\n\t\t\t<\/div>\r\n\t\t\n<div class=\"spacer\" style=\"height:30px\"><\/div>\n<p style=\"font-size:12px; font-style:italic; line-height:16px;\">* Ausnahme: bei einer pathologischen Disposition f\u00fcr vermehrten Haarwuchs kann eventuell ein lebenslanger Behandlungsbedarf bestehen, wenn immer neue Follikel zum Haarwuchs angeregt werden.<\/p>\n<\/div>\n<\/div>\n\r\n\t        <!-- \/ sectionBox -->\r\n\t        <\/div>\r\n \t\t <\/div>\r\n\t\t\n","protected":false},"excerpt":{"rendered":"","protected":false},"author":1,"featured_media":3165,"parent":0,"menu_order":3,"comment_status":"closed","ping_status":"closed","template":"","meta":{"footnotes":""},"class_list":["post-2510","page","type-page","status-publish","has-post-thumbnail","hentry"],"yoast_head":"<!-- This site is optimized with the Yoast SEO plugin v26.9 - https:\/\/yoast.com\/product\/yoast-seo-wordpress\/ -->\n<title>seipp | Professionelle Haarentfernung | Elektroepilation | Elektroepilation<\/title>\n<meta name=\"description\" content=\"Die Elektroepilation bietet \u00fcberzeugende Ergebnisse f\u00fcr alle Haartypen\" \/>\n<meta name=\"robots\" content=\"index, follow, max-snippet:-1, max-image-preview:large, max-video-preview:-1\" \/>\n<link rel=\"canonical\" href=\"https:\/\/www.epilation-bensheim.de\/elektroepilation\/elektroepilation\/\" \/>\n<meta property=\"og:locale\" content=\"de_DE\" \/>\n<meta property=\"og:type\" content=\"article\" \/>\n<meta property=\"og:title\" content=\"seipp | Professionelle Haarentfernung | Elektroepilation\" \/>\n<meta property=\"og:description\" content=\"Die Elektroepilation bietet \u00fcberzeugende Ergebnisse f\u00fcr alle Haartypen\" \/>\n<meta property=\"og:url\" content=\"https:\/\/www.epilation-bensheim.de\/elektroepilation\/elektroepilation\/\" \/>\n<meta property=\"og:site_name\" content=\"seipp | Professionelle Haarentfernung\" \/>\n<meta property=\"article:publisher\" content=\"https:\/\/www.facebook.com\/seippProfessionelleHaarentfernungElektroepilation\/\" \/>\n<meta property=\"article:modified_time\" content=\"2026-02-09T13:16:23+00:00\" \/>\n<meta property=\"og:image\" content=\"https:\/\/www.epilation-bensheim.de\/elektroepilation\/wp-content\/uploads\/2014\/10\/panthermedia_A17535921_home.jpg\" \/>\n\t<meta property=\"og:image:width\" content=\"1020\" \/>\n\t<meta property=\"og:image:height\" content=\"440\" \/>\n\t<meta property=\"og:image:type\" content=\"image\/jpeg\" \/>\n<meta name=\"twitter:label1\" content=\"Gesch\u00e4tzte Lesezeit\" \/>\n\t<meta name=\"twitter:data1\" content=\"4\u00a0Minuten\" \/>\n<script type=\"application\/ld+json\" class=\"yoast-schema-graph\">{\"@context\":\"https:\/\/schema.org\",\"@graph\":[{\"@type\":\"WebPage\",\"@id\":\"https:\/\/www.epilation-bensheim.de\/elektroepilation\/elektroepilation\/\",\"url\":\"https:\/\/www.epilation-bensheim.de\/elektroepilation\/elektroepilation\/\",\"name\":\"seipp | Professionelle Haarentfernung | Elektroepilation | Elektroepilation\",\"isPartOf\":{\"@id\":\"https:\/\/www.epilation-bensheim.de\/elektroepilation\/#website\"},\"primaryImageOfPage\":{\"@id\":\"https:\/\/www.epilation-bensheim.de\/elektroepilation\/elektroepilation\/#primaryimage\"},\"image\":{\"@id\":\"https:\/\/www.epilation-bensheim.de\/elektroepilation\/elektroepilation\/#primaryimage\"},\"thumbnailUrl\":\"https:\/\/www.epilation-bensheim.de\/elektroepilation\/wp-content\/uploads\/2014\/10\/panthermedia_A17535921_home.jpg\",\"datePublished\":\"2014-10-01T15:30:29+00:00\",\"dateModified\":\"2026-02-09T13:16:23+00:00\",\"description\":\"Die Elektroepilation bietet \u00fcberzeugende Ergebnisse f\u00fcr alle Haartypen\",\"breadcrumb\":{\"@id\":\"https:\/\/www.epilation-bensheim.de\/elektroepilation\/elektroepilation\/#breadcrumb\"},\"inLanguage\":\"de\",\"potentialAction\":[{\"@type\":\"ReadAction\",\"target\":[\"https:\/\/www.epilation-bensheim.de\/elektroepilation\/elektroepilation\/\"]}]},{\"@type\":\"ImageObject\",\"inLanguage\":\"de\",\"@id\":\"https:\/\/www.epilation-bensheim.de\/elektroepilation\/elektroepilation\/#primaryimage\",\"url\":\"https:\/\/www.epilation-bensheim.de\/elektroepilation\/wp-content\/uploads\/2014\/10\/panthermedia_A17535921_home.jpg\",\"contentUrl\":\"https:\/\/www.epilation-bensheim.de\/elektroepilation\/wp-content\/uploads\/2014\/10\/panthermedia_A17535921_home.jpg\",\"width\":1020,\"height\":440},{\"@type\":\"BreadcrumbList\",\"@id\":\"https:\/\/www.epilation-bensheim.de\/elektroepilation\/elektroepilation\/#breadcrumb\",\"itemListElement\":[{\"@type\":\"ListItem\",\"position\":1,\"name\":\"Home\",\"item\":\"https:\/\/www.epilation-bensheim.de\/elektroepilation\/\"},{\"@type\":\"ListItem\",\"position\":2,\"name\":\"Elektroepilation\"}]},{\"@type\":\"WebSite\",\"@id\":\"https:\/\/www.epilation-bensheim.de\/elektroepilation\/#website\",\"url\":\"https:\/\/www.epilation-bensheim.de\/elektroepilation\/\",\"name\":\"seipp | Professionelle Haarentfernung\",\"description\":\"\",\"publisher\":{\"@id\":\"https:\/\/www.epilation-bensheim.de\/elektroepilation\/#organization\"},\"potentialAction\":[{\"@type\":\"SearchAction\",\"target\":{\"@type\":\"EntryPoint\",\"urlTemplate\":\"https:\/\/www.epilation-bensheim.de\/elektroepilation\/?s={search_term_string}\"},\"query-input\":{\"@type\":\"PropertyValueSpecification\",\"valueRequired\":true,\"valueName\":\"search_term_string\"}}],\"inLanguage\":\"de\"},{\"@type\":\"Organization\",\"@id\":\"https:\/\/www.epilation-bensheim.de\/elektroepilation\/#organization\",\"name\":\"seipp | Professionelle Haarentfernung\",\"url\":\"https:\/\/www.epilation-bensheim.de\/elektroepilation\/\",\"logo\":{\"@type\":\"ImageObject\",\"inLanguage\":\"de\",\"@id\":\"https:\/\/www.epilation-bensheim.de\/elektroepilation\/#\/schema\/logo\/image\/\",\"url\":\"https:\/\/www.epilation-bensheim.de\/elektroepilation\/wp-content\/uploads\/2015\/04\/seipp_logo_echt_web-2.png\",\"contentUrl\":\"https:\/\/www.epilation-bensheim.de\/elektroepilation\/wp-content\/uploads\/2015\/04\/seipp_logo_echt_web-2.png\",\"width\":300,\"height\":82,\"caption\":\"seipp | Professionelle Haarentfernung\"},\"image\":{\"@id\":\"https:\/\/www.epilation-bensheim.de\/elektroepilation\/#\/schema\/logo\/image\/\"},\"sameAs\":[\"https:\/\/www.facebook.com\/seippProfessionelleHaarentfernungElektroepilation\/\"]}]}<\/script>\n<!-- \/ Yoast SEO plugin. -->","yoast_head_json":{"title":"seipp | Professionelle Haarentfernung | Elektroepilation | Elektroepilation","description":"Die Elektroepilation bietet \u00fcberzeugende Ergebnisse f\u00fcr alle Haartypen","robots":{"index":"index","follow":"follow","max-snippet":"max-snippet:-1","max-image-preview":"max-image-preview:large","max-video-preview":"max-video-preview:-1"},"canonical":"https:\/\/www.epilation-bensheim.de\/elektroepilation\/elektroepilation\/","og_locale":"de_DE","og_type":"article","og_title":"seipp | Professionelle Haarentfernung | Elektroepilation","og_description":"Die Elektroepilation bietet \u00fcberzeugende Ergebnisse f\u00fcr alle Haartypen","og_url":"https:\/\/www.epilation-bensheim.de\/elektroepilation\/elektroepilation\/","og_site_name":"seipp | Professionelle Haarentfernung","article_publisher":"https:\/\/www.facebook.com\/seippProfessionelleHaarentfernungElektroepilation\/","article_modified_time":"2026-02-09T13:16:23+00:00","og_image":[{"width":1020,"height":440,"url":"https:\/\/www.epilation-bensheim.de\/elektroepilation\/wp-content\/uploads\/2014\/10\/panthermedia_A17535921_home.jpg","type":"image\/jpeg"}],"twitter_misc":{"Gesch\u00e4tzte Lesezeit":"4\u00a0Minuten"},"schema":{"@context":"https:\/\/schema.org","@graph":[{"@type":"WebPage","@id":"https:\/\/www.epilation-bensheim.de\/elektroepilation\/elektroepilation\/","url":"https:\/\/www.epilation-bensheim.de\/elektroepilation\/elektroepilation\/","name":"seipp | Professionelle Haarentfernung | Elektroepilation | Elektroepilation","isPartOf":{"@id":"https:\/\/www.epilation-bensheim.de\/elektroepilation\/#website"},"primaryImageOfPage":{"@id":"https:\/\/www.epilation-bensheim.de\/elektroepilation\/elektroepilation\/#primaryimage"},"image":{"@id":"https:\/\/www.epilation-bensheim.de\/elektroepilation\/elektroepilation\/#primaryimage"},"thumbnailUrl":"https:\/\/www.epilation-bensheim.de\/elektroepilation\/wp-content\/uploads\/2014\/10\/panthermedia_A17535921_home.jpg","datePublished":"2014-10-01T15:30:29+00:00","dateModified":"2026-02-09T13:16:23+00:00","description":"Die Elektroepilation bietet \u00fcberzeugende Ergebnisse f\u00fcr alle Haartypen","breadcrumb":{"@id":"https:\/\/www.epilation-bensheim.de\/elektroepilation\/elektroepilation\/#breadcrumb"},"inLanguage":"de","potentialAction":[{"@type":"ReadAction","target":["https:\/\/www.epilation-bensheim.de\/elektroepilation\/elektroepilation\/"]}]},{"@type":"ImageObject","inLanguage":"de","@id":"https:\/\/www.epilation-bensheim.de\/elektroepilation\/elektroepilation\/#primaryimage","url":"https:\/\/www.epilation-bensheim.de\/elektroepilation\/wp-content\/uploads\/2014\/10\/panthermedia_A17535921_home.jpg","contentUrl":"https:\/\/www.epilation-bensheim.de\/elektroepilation\/wp-content\/uploads\/2014\/10\/panthermedia_A17535921_home.jpg","width":1020,"height":440},{"@type":"BreadcrumbList","@id":"https:\/\/www.epilation-bensheim.de\/elektroepilation\/elektroepilation\/#breadcrumb","itemListElement":[{"@type":"ListItem","position":1,"name":"Home","item":"https:\/\/www.epilation-bensheim.de\/elektroepilation\/"},{"@type":"ListItem","position":2,"name":"Elektroepilation"}]},{"@type":"WebSite","@id":"https:\/\/www.epilation-bensheim.de\/elektroepilation\/#website","url":"https:\/\/www.epilation-bensheim.de\/elektroepilation\/","name":"seipp | Professionelle Haarentfernung","description":"","publisher":{"@id":"https:\/\/www.epilation-bensheim.de\/elektroepilation\/#organization"},"potentialAction":[{"@type":"SearchAction","target":{"@type":"EntryPoint","urlTemplate":"https:\/\/www.epilation-bensheim.de\/elektroepilation\/?s={search_term_string}"},"query-input":{"@type":"PropertyValueSpecification","valueRequired":true,"valueName":"search_term_string"}}],"inLanguage":"de"},{"@type":"Organization","@id":"https:\/\/www.epilation-bensheim.de\/elektroepilation\/#organization","name":"seipp | Professionelle Haarentfernung","url":"https:\/\/www.epilation-bensheim.de\/elektroepilation\/","logo":{"@type":"ImageObject","inLanguage":"de","@id":"https:\/\/www.epilation-bensheim.de\/elektroepilation\/#\/schema\/logo\/image\/","url":"https:\/\/www.epilation-bensheim.de\/elektroepilation\/wp-content\/uploads\/2015\/04\/seipp_logo_echt_web-2.png","contentUrl":"https:\/\/www.epilation-bensheim.de\/elektroepilation\/wp-content\/uploads\/2015\/04\/seipp_logo_echt_web-2.png","width":300,"height":82,"caption":"seipp | Professionelle Haarentfernung"},"image":{"@id":"https:\/\/www.epilation-bensheim.de\/elektroepilation\/#\/schema\/logo\/image\/"},"sameAs":["https:\/\/www.facebook.com\/seippProfessionelleHaarentfernungElektroepilation\/"]}]}},"_links":{"self":[{"href":"https:\/\/www.epilation-bensheim.de\/elektroepilation\/wp-json\/wp\/v2\/pages\/2510","targetHints":{"allow":["GET"]}}],"collection":[{"href":"https:\/\/www.epilation-bensheim.de\/elektroepilation\/wp-json\/wp\/v2\/pages"}],"about":[{"href":"https:\/\/www.epilation-bensheim.de\/elektroepilation\/wp-json\/wp\/v2\/types\/page"}],"author":[{"embeddable":true,"href":"https:\/\/www.epilation-bensheim.de\/elektroepilation\/wp-json\/wp\/v2\/users\/1"}],"replies":[{"embeddable":true,"href":"https:\/\/www.epilation-bensheim.de\/elektroepilation\/wp-json\/wp\/v2\/comments?post=2510"}],"version-history":[{"count":35,"href":"https:\/\/www.epilation-bensheim.de\/elektroepilation\/wp-json\/wp\/v2\/pages\/2510\/revisions"}],"predecessor-version":[{"id":3527,"href":"https:\/\/www.epilation-bensheim.de\/elektroepilation\/wp-json\/wp\/v2\/pages\/2510\/revisions\/3527"}],"wp:featuredmedia":[{"embeddable":true,"href":"https:\/\/www.epilation-bensheim.de\/elektroepilation\/wp-json\/wp\/v2\/media\/3165"}],"wp:attachment":[{"href":"https:\/\/www.epilation-bensheim.de\/elektroepilation\/wp-json\/wp\/v2\/media?parent=2510"}],"curies":[{"name":"wp","href":"https:\/\/api.w.org\/{rel}","templated":true}]}}